{"id":6109,"date":"2025-02-01T23:26:14","date_gmt":"2025-02-01T22:26:14","guid":{"rendered":"https:\/\/teamfourit.com\/?page_id=6109"},"modified":"2025-02-04T21:26:26","modified_gmt":"2025-02-04T20:26:26","slug":"conseil-en-cybersecurite","status":"publish","type":"page","link":"https:\/\/teamfourit.com\/site\/nos-services\/conseil-en-cybersecurite\/","title":{"rendered":"Conseil en Cybers\u00e9curit\u00e9"},"content":{"rendered":"\t\t<div data-elementor-type=\"wp-page\" data-elementor-id=\"6109\" class=\"elementor elementor-6109\" data-elementor-post-type=\"page\">\n\t\t\t\t<div class=\"elementor-element elementor-element-6c0222d e-flex e-con-boxed e-con e-parent\" data-id=\"6c0222d\" data-element_type=\"container\" data-e-type=\"container\" data-settings=\"{&quot;background_background&quot;:&quot;gradient&quot;,&quot;ekit_has_onepagescroll_dot&quot;:&quot;yes&quot;}\">\n\t\t\t\t\t<div class=\"e-con-inner\">\n\t\t\t\t<div class=\"elementor-element elementor-element-841db7a elementor-widget elementor-widget-iheading\" data-id=\"841db7a\" data-element_type=\"widget\" data-e-type=\"widget\" data-settings=\"{&quot;ekit_we_effect_on&quot;:&quot;none&quot;}\" data-widget_type=\"iheading.default\">\n\t\t\t\t<div class=\"elementor-widget-container\">\n\t\t\t\t\t\t\t<div class=\"ot-heading\">\r\n\t        \t            <span>\ud83d\udd12 Conseil en Cybers\u00e9curit\u00e9 a Casablanca<\/span>\r\n\t        <h1 class=\"main-heading\">Prot\u00e9gez Vos Donn\u00e9es avec <br>Team Four IT<\/h1>\t    <\/div>\r\n\t    \t\t\t\t<\/div>\n\t\t\t\t<\/div>\n\t\t<div class=\"elementor-element elementor-element-ed0dc60 e-con-full e-flex e-con e-child\" data-id=\"ed0dc60\" data-element_type=\"container\" data-e-type=\"container\" data-settings=\"{&quot;ekit_has_onepagescroll_dot&quot;:&quot;yes&quot;}\">\n\t\t\t\t<div class=\"elementor-element elementor-element-ec8b810 elementor-widget elementor-widget-text-editor\" data-id=\"ec8b810\" data-element_type=\"widget\" data-e-type=\"widget\" data-settings=\"{&quot;ekit_we_effect_on&quot;:&quot;none&quot;}\" data-widget_type=\"text-editor.default\">\n\t\t\t\t\t\t\t\t\t<p>Team Four IT,\u00a0<strong>expert en cybers\u00e9curit\u00e9 \u00e0 Casablanca<\/strong>\u00a0\ud83c\uddf2\ud83c\udde6, prot\u00e8ge votre entreprise contre les cybermenaces gr\u00e2ce \u00e0 des solutions adapt\u00e9es. Avec l\u2019augmentation des attaques (ransomware, phishing, fuites de donn\u00e9es), s\u00e9curiser vos syst\u00e8mes n\u2019a jamais \u00e9t\u00e9 aussi crucial.<\/p><p><strong>Nos services incluent<\/strong>\u00a0:<\/p><ul><li><p>\u2705\u00a0<strong>Audit complet<\/strong>\u00a0: \u00c9valuation des risques et conformit\u00e9 RGPD.<\/p><\/li><li><p>\ud83d\udd75\ufe0f\u00a0<strong>Pentest<\/strong>\u00a0: Simulation d\u2019attaques pour identifier les failles.<\/p><\/li><li><p>\ud83d\udd10\u00a0<strong>Chiffrement<\/strong>\u00a0: Protection des donn\u00e9es sensibles.<\/p><\/li><li><p>\ud83c\udf93\u00a0<strong>Formations<\/strong>\u00a0: Sensibilisation de vos \u00e9quipes aux bonnes pratiques.<\/p><\/li><\/ul>\t\t\t\t\t\t\t\t<\/div>\n\t\t\t\t<\/div>\n\t\t<div class=\"elementor-element elementor-element-6c196ad e-con-full e-flex e-con e-child\" data-id=\"6c196ad\" data-element_type=\"container\" data-e-type=\"container\" data-settings=\"{&quot;ekit_has_onepagescroll_dot&quot;:&quot;yes&quot;}\">\n\t\t\t\t<div class=\"elementor-element elementor-element-1e4e905 elementor-widget__width-initial elementor-invisible elementor-widget elementor-widget-icon-box\" data-id=\"1e4e905\" data-element_type=\"widget\" data-e-type=\"widget\" data-settings=\"{&quot;_animation&quot;:&quot;fadeInUp&quot;,&quot;_animation_delay&quot;:200,&quot;ekit_we_effect_on&quot;:&quot;none&quot;}\" data-widget_type=\"icon-box.default\">\n\t\t\t\t\t\t\t<div class=\"elementor-icon-box-wrapper\">\n\n\t\t\t\n\t\t\t\t\t\t<div class=\"elementor-icon-box-content\">\n\n\t\t\t\t\t\t\t\t\t<h3 class=\"elementor-icon-box-title\">\n\t\t\t\t\t\t<span  >\n\t\t\t\t\t\t\tProtection des Donn\u00e9es &amp; S\u00e9curisation des Infrastructures \ud83d\udd10\t\t\t\t\t\t<\/span>\n\t\t\t\t\t<\/h3>\n\t\t\t\t\n\t\t\t\t\t\t\t\t\t<p class=\"elementor-icon-box-description\">\n\t\t\t\t\t\t - Mise en place de pare-feu, anti-virus, anti-malwares et protection contre le phishing.<br>\n - S\u00e9curisation des acc\u00e8s et authentification multi-facteurs (MFA).<br>\n - Chiffrement des donn\u00e9es et gestion des identit\u00e9s (IAM).\t\t\t\t\t<\/p>\n\t\t\t\t\n\t\t\t<\/div>\n\t\t\t\n\t\t<\/div>\n\t\t\t\t\t\t<\/div>\n\t\t\t\t<\/div>\n\t\t<div class=\"elementor-element elementor-element-4473ed0 e-con-full e-flex e-con e-child\" data-id=\"4473ed0\" data-element_type=\"container\" data-e-type=\"container\" data-settings=\"{&quot;ekit_has_onepagescroll_dot&quot;:&quot;yes&quot;}\">\n\t\t\t\t<div class=\"elementor-element elementor-element-4debbcd elementor-invisible elementor-widget elementor-widget-icon-box\" data-id=\"4debbcd\" data-element_type=\"widget\" data-e-type=\"widget\" data-settings=\"{&quot;_animation&quot;:&quot;fadeInUp&quot;,&quot;_animation_delay&quot;:200,&quot;ekit_we_effect_on&quot;:&quot;none&quot;}\" data-widget_type=\"icon-box.default\">\n\t\t\t\t\t\t\t<div class=\"elementor-icon-box-wrapper\">\n\n\t\t\t\n\t\t\t\t\t\t<div class=\"elementor-icon-box-content\">\n\n\t\t\t\t\t\t\t\t\t<h3 class=\"elementor-icon-box-title\">\n\t\t\t\t\t\t<span  >\n\t\t\t\t\t\t\tPlan de Continuit\u00e9 et de Reprise d\u2019Activit\u00e9 (PCA\/PRA) \ud83d\udee0\ufe0f\t\t\t\t\t\t<\/span>\n\t\t\t\t\t<\/h3>\n\t\t\t\t\n\t\t\t\t\t\t\t\t\t<p class=\"elementor-icon-box-description\">\n\t\t\t\t\t\t - Mise en place de sauvegardes s\u00e9curis\u00e9es et solutions de reprise apr\u00e8s sinistre.<br>\n - Strat\u00e9gies pour assurer la continuit\u00e9 des activit\u00e9s en cas d\u2019attaque.<br>\n - Surveillance et d\u00e9tection des intrusions 24\/7.\t\t\t\t\t<\/p>\n\t\t\t\t\n\t\t\t<\/div>\n\t\t\t\n\t\t<\/div>\n\t\t\t\t\t\t<\/div>\n\t\t\t\t<\/div>\n\t\t<div class=\"elementor-element elementor-element-b64c4ed e-con-full e-flex e-con e-child\" data-id=\"b64c4ed\" data-element_type=\"container\" data-e-type=\"container\" data-settings=\"{&quot;ekit_has_onepagescroll_dot&quot;:&quot;yes&quot;}\">\n\t\t\t\t<div class=\"elementor-element elementor-element-8a46f9b elementor-invisible elementor-widget elementor-widget-icon-box\" data-id=\"8a46f9b\" data-element_type=\"widget\" data-e-type=\"widget\" data-settings=\"{&quot;_animation&quot;:&quot;fadeInUp&quot;,&quot;_animation_delay&quot;:200,&quot;ekit_we_effect_on&quot;:&quot;none&quot;}\" data-widget_type=\"icon-box.default\">\n\t\t\t\t\t\t\t<div class=\"elementor-icon-box-wrapper\">\n\n\t\t\t\n\t\t\t\t\t\t<div class=\"elementor-icon-box-content\">\n\n\t\t\t\t\t\t\t\t\t<h3 class=\"elementor-icon-box-title\">\n\t\t\t\t\t\t<span  >\n\t\t\t\t\t\t\tSensibilisation &amp; Formation en Cybers\u00e9curit\u00e9 \ud83d\udcda\t\t\t\t\t\t<\/span>\n\t\t\t\t\t<\/h3>\n\t\t\t\t\n\t\t\t\t\t\t\t\t\t<p class=\"elementor-icon-box-description\">\n\t\t\t\t\t\t - Formations pour les employ\u00e9s sur les bonnes pratiques de cybers\u00e9curit\u00e9.<br>\n - Sensibilisation aux attaques courantes (hame\u00e7onnage, ransomwares, social engineering).<br>\n - Simulation de cyberattaques pour renforcer la vigilance de vos \u00e9quipes.\t\t\t\t\t<\/p>\n\t\t\t\t\n\t\t\t<\/div>\n\t\t\t\n\t\t<\/div>\n\t\t\t\t\t\t<\/div>\n\t\t\t\t<\/div>\n\t\t\t\t<div class=\"elementor-element elementor-element-61b4183 elementor-widget-divider--view-line elementor-widget elementor-widget-divider\" data-id=\"61b4183\" data-element_type=\"widget\" data-e-type=\"widget\" data-settings=\"{&quot;ekit_we_effect_on&quot;:&quot;none&quot;}\" data-widget_type=\"divider.default\">\n\t\t\t\t\t\t\t<div class=\"elementor-divider\">\n\t\t\t<span class=\"elementor-divider-separator\">\n\t\t\t\t\t\t<\/span>\n\t\t<\/div>\n\t\t\t\t\t\t<\/div>\n\t\t\t\t\t<\/div>\n\t\t\t\t<\/div>\n\t\t<div class=\"elementor-element elementor-element-fe7a239 e-flex e-con-boxed e-con e-parent\" data-id=\"fe7a239\" data-element_type=\"container\" data-e-type=\"container\" data-settings=\"{&quot;background_background&quot;:&quot;classic&quot;,&quot;ekit_has_onepagescroll_dot&quot;:&quot;yes&quot;}\">\n\t\t\t\t\t<div class=\"e-con-inner\">\n\t\t<div class=\"elementor-element elementor-element-accbcac e-con-full e-flex e-con e-child\" data-id=\"accbcac\" data-element_type=\"container\" data-e-type=\"container\" data-settings=\"{&quot;ekit_has_onepagescroll_dot&quot;:&quot;yes&quot;}\">\n\t\t\t\t<div class=\"elementor-element elementor-element-5750c60 elementor-widget__width-initial elementor-widget elementor-widget-heading\" data-id=\"5750c60\" data-element_type=\"widget\" data-e-type=\"widget\" data-settings=\"{&quot;ekit_we_effect_on&quot;:&quot;none&quot;}\" data-widget_type=\"heading.default\">\n\t\t\t\t\t<h2 class=\"elementor-heading-title elementor-size-default\">Pourquoi choisir Team Four IT<\/h2>\t\t\t\t<\/div>\n\t\t<div class=\"elementor-element elementor-element-cc86b86 e-con-full e-flex e-con e-child\" data-id=\"cc86b86\" data-element_type=\"container\" data-e-type=\"container\" data-settings=\"{&quot;ekit_has_onepagescroll_dot&quot;:&quot;yes&quot;}\">\n\t\t\t\t<div class=\"elementor-element elementor-element-d105449 elementor-widget elementor-widget-text-editor\" data-id=\"d105449\" data-element_type=\"widget\" data-e-type=\"widget\" data-settings=\"{&quot;ekit_we_effect_on&quot;:&quot;none&quot;}\" data-widget_type=\"text-editor.default\">\n\t\t\t\t\t\t\t\t\t<p><strong>\u2705 Experts Certifi\u00e9s (CISSP, CEH, ISO 27001).<\/strong><br \/><strong>\u2705 Approche Sur Mesure pour PME et Grands Comptes.<\/strong><br \/><strong>\u2705 Support 24\/7 &amp; Gestion des Incidents.<\/strong><\/p><p><strong>\ud83d\udd39 Renforcez la cybers\u00e9curit\u00e9 de votre entreprise avec Team Four IT !<\/strong><\/p><p><strong>Contactez-nous pour un audit et une solution adapt\u00e9e. \ud83d\ude80<\/strong><\/p>\t\t\t\t\t\t\t\t<\/div>\n\t\t<div class=\"elementor-element elementor-element-bc3f674 e-con-full e-flex e-con e-child\" data-id=\"bc3f674\" data-element_type=\"container\" data-e-type=\"container\" data-settings=\"{&quot;ekit_has_onepagescroll_dot&quot;:&quot;yes&quot;}\">\n\t\t\t\t<div class=\"elementor-element elementor-element-02a882d elementor-widget__width-initial elementor-align-center elementor-widget elementor-widget-ibutton\" data-id=\"02a882d\" data-element_type=\"widget\" data-e-type=\"widget\" data-settings=\"{&quot;ekit_we_effect_on&quot;:&quot;none&quot;}\" data-widget_type=\"ibutton.default\">\n\t\t\t\t<div class=\"elementor-widget-container\">\n\t\t\t\t\t\t\t<div class=\"ot-button\">\r\n\t\t\t<a href=\"mailto:contact@teamfourit.com\" class=\"octf-btn octf-btn-primary\">devis gratuit<\/a>\r\n\t    <\/div>\r\n\t    \t\t\t\t<\/div>\n\t\t\t\t<\/div>\n\t\t\t\t<\/div>\n\t\t\t\t<\/div>\n\t\t\t\t<\/div>\n\t\t\t\t\t<\/div>\n\t\t\t\t<\/div>\n\t\t\t\t<\/div>\n\t\t","protected":false},"excerpt":{"rendered":"<p>\ud83d\udd12 Conseil en Cybers\u00e9curit\u00e9 a Casablanca Prot\u00e9gez Vos Donn\u00e9es avec Team Four IT Team Four IT,\u00a0expert en cybers\u00e9curit\u00e9 \u00e0 Casablanca\u00a0\ud83c\uddf2\ud83c\udde6, prot\u00e8ge votre entreprise contre les cybermenaces gr\u00e2ce \u00e0 des solutions adapt\u00e9es. Avec l\u2019augmentation des attaques (ransomware, phishing, fuites de donn\u00e9es), s\u00e9curiser vos syst\u00e8mes n\u2019a jamais \u00e9t\u00e9 aussi crucial. Nos services incluent\u00a0: \u2705\u00a0Audit complet\u00a0: \u00c9valuation des [&hellip;]<\/p>\n","protected":false},"author":2,"featured_media":6113,"parent":6194,"menu_order":5,"comment_status":"closed","ping_status":"closed","template":"elementor_header_footer","meta":{"_seopress_robots_primary_cat":"","_seopress_titles_title":"Soci\u00e9t\u00e9 de Conseil en Cybers\u00e9curit\u00e9 au Maroc","_seopress_titles_desc":"Team Four IT, expert en cybers\u00e9curit\u00e9 \u00e0 Casablanca , vous aide \u00e0 s\u00e9curiser vos donn\u00e9es et syst\u00e8mes. \u2705 Audit RGPD, tests d\u2019intrusion, chiffrement et formations. Demandez un diagnostic gratuit !","_seopress_robots_index":"","footnotes":""},"class_list":["post-6109","page","type-page","status-publish","has-post-thumbnail","hentry"],"_links":{"self":[{"href":"https:\/\/teamfourit.com\/site\/wp-json\/wp\/v2\/pages\/6109","targetHints":{"allow":["GET"]}}],"collection":[{"href":"https:\/\/teamfourit.com\/site\/wp-json\/wp\/v2\/pages"}],"about":[{"href":"https:\/\/teamfourit.com\/site\/wp-json\/wp\/v2\/types\/page"}],"author":[{"embeddable":true,"href":"https:\/\/teamfourit.com\/site\/wp-json\/wp\/v2\/users\/2"}],"replies":[{"embeddable":true,"href":"https:\/\/teamfourit.com\/site\/wp-json\/wp\/v2\/comments?post=6109"}],"version-history":[{"count":0,"href":"https:\/\/teamfourit.com\/site\/wp-json\/wp\/v2\/pages\/6109\/revisions"}],"up":[{"embeddable":true,"href":"https:\/\/teamfourit.com\/site\/wp-json\/wp\/v2\/pages\/6194"}],"wp:featuredmedia":[{"embeddable":true,"href":"https:\/\/teamfourit.com\/site\/wp-json\/wp\/v2\/media\/6113"}],"wp:attachment":[{"href":"https:\/\/teamfourit.com\/site\/wp-json\/wp\/v2\/media?parent=6109"}],"curies":[{"name":"wp","href":"https:\/\/api.w.org\/{rel}","templated":true}]}}