{"id":5780,"date":"2025-02-01T20:58:13","date_gmt":"2025-02-01T19:58:13","guid":{"rendered":"https:\/\/teamfourit.com\/?page_id=5780"},"modified":"2025-02-20T05:53:18","modified_gmt":"2025-02-20T04:53:18","slug":"hebergement-web-et-sauvegarde-cloud","status":"publish","type":"page","link":"https:\/\/teamfourit.com\/site\/nos-services\/hebergement-web-et-sauvegarde-cloud\/","title":{"rendered":"H\u00e9bergement web et Sauvegarde Cloud"},"content":{"rendered":"\t\t<div data-elementor-type=\"wp-post\" data-elementor-id=\"5780\" class=\"elementor elementor-5780\" data-elementor-post-type=\"page\">\n\t\t\t\t<div class=\"elementor-element elementor-element-7cffd50 e-flex e-con-boxed e-con e-parent\" data-id=\"7cffd50\" data-element_type=\"container\" data-e-type=\"container\" data-settings=\"{&quot;background_background&quot;:&quot;gradient&quot;,&quot;ekit_has_onepagescroll_dot&quot;:&quot;yes&quot;}\">\n\t\t\t\t\t<div class=\"e-con-inner\">\n\t\t\t\t<div class=\"elementor-element elementor-element-af3d33e elementor-widget elementor-widget-iheading\" data-id=\"af3d33e\" data-element_type=\"widget\" data-e-type=\"widget\" data-settings=\"{&quot;ekit_we_effect_on&quot;:&quot;none&quot;}\" data-widget_type=\"iheading.default\">\n\t\t\t\t<div class=\"elementor-widget-container\">\n\t\t\t\t\t\t\t<div class=\"ot-heading\">\r\n\t        \t            <span>\/\/ H\u00e9bergement Web au Maroc<\/span>\r\n\t        <h1 class=\"main-heading\">Des Serveurs Rapides <br>S\u00e9curis\u00e9s & \u00c9volutifs<\/h1>\t    <\/div>\r\n\t    \t\t\t\t<\/div>\n\t\t\t\t<\/div>\n\t\t<div class=\"elementor-element elementor-element-b885522 e-con-full e-flex e-con e-child\" data-id=\"b885522\" data-element_type=\"container\" data-e-type=\"container\" data-settings=\"{&quot;ekit_has_onepagescroll_dot&quot;:&quot;yes&quot;}\">\n\t\t\t\t<div class=\"elementor-element elementor-element-57ff78e elementor-widget elementor-widget-text-editor\" data-id=\"57ff78e\" data-element_type=\"widget\" data-e-type=\"widget\" data-settings=\"{&quot;ekit_we_effect_on&quot;:&quot;none&quot;}\" data-widget_type=\"text-editor.default\">\n\t\t\t\t\t\t\t\t\t<p>Team Four IT, leader en\u00a0<strong>h\u00e9bergement web au Maroc<\/strong>\u00a0\ud83c\uddf2\ud83c\udde6, vous propose des solutions adapt\u00e9es \u00e0 vos besoins :\u00a0<strong>h\u00e9bergement mutualis\u00e9<\/strong>,\u00a0<strong>serveurs d\u00e9di\u00e9s<\/strong>\u00a0et\u00a0<strong>cloud \u00e9volutif<\/strong>. Bas\u00e9s \u00e0\u00a0<strong>Casablanca<\/strong>, nous garantissons une\u00a0<strong>latence ultra-faible<\/strong>\u00a0pour vos utilisateurs marocains gr\u00e2ce \u00e0 nos serveurs localis\u00e9s.<\/p><p>Nos offres incluent :<\/p><ul><li><p>\ud83d\udd12\u00a0<strong>S\u00e9curit\u00e9 Maximale<\/strong>\u00a0: Pare-feu, certificats SSL gratuits et sauvegardes quotidiennes.<\/p><\/li><li><p>\ud83d\ude80\u00a0<strong>Performance<\/strong>\u00a0: Serveurs SSD, bande passante illimit\u00e9e et CDN int\u00e9gr\u00e9.<\/p><\/li><li><p>\u2601\ufe0f\u00a0<strong>Cloud Scalable<\/strong>\u00a0: Adaptez vos ressources en temps r\u00e9el.<\/p><\/li><li><p>\ud83d\udcde\u00a0<strong>Support Expert<\/strong>\u00a0: Assistance technique 24\/7 en fran\u00e7ais et arabe.<\/p><\/li><\/ul><p>Que vous soyez une\u00a0<strong>PME<\/strong>, une\u00a0<strong>startup<\/strong>\u00a0ou une\u00a0<strong>grande entreprise<\/strong>, profitez d\u2019un h\u00e9bergement web\u00a0<strong>rapide<\/strong>,\u00a0<strong>s\u00e9curis\u00e9<\/strong>\u00a0et\u00a0<strong>\u00e9conomique<\/strong>.<\/p>\t\t\t\t\t\t\t\t<\/div>\n\t\t\t\t<\/div>\n\t\t<div class=\"elementor-element elementor-element-8986f50 e-con-full e-flex e-con e-child\" data-id=\"8986f50\" data-element_type=\"container\" data-e-type=\"container\" data-settings=\"{&quot;ekit_has_onepagescroll_dot&quot;:&quot;yes&quot;}\">\n\t\t<div class=\"elementor-element elementor-element-2961ae7 e-con-full e-flex e-con e-child\" data-id=\"2961ae7\" data-element_type=\"container\" data-e-type=\"container\" data-settings=\"{&quot;ekit_has_onepagescroll_dot&quot;:&quot;yes&quot;}\">\n\t\t\t\t<div class=\"elementor-element elementor-element-ee053c9 elementor-widget__width-initial elementor-invisible elementor-widget elementor-widget-icon-box\" data-id=\"ee053c9\" data-element_type=\"widget\" data-e-type=\"widget\" data-settings=\"{&quot;_animation&quot;:&quot;fadeInUp&quot;,&quot;_animation_delay&quot;:200,&quot;ekit_we_effect_on&quot;:&quot;none&quot;}\" data-widget_type=\"icon-box.default\">\n\t\t\t\t\t\t\t<div class=\"elementor-icon-box-wrapper\">\n\n\t\t\t\n\t\t\t\t\t\t<div class=\"elementor-icon-box-content\">\n\n\t\t\t\t\t\t\t\t\t<h3 class=\"elementor-icon-box-title\">\n\t\t\t\t\t\t<span  >\n\t\t\t\t\t\t\tH\u00e9bergement Web \ud83c\udf10\t\t\t\t\t\t<\/span>\n\t\t\t\t\t<\/h3>\n\t\t\t\t\n\t\t\t\t\t\t\t\t\t<p class=\"elementor-icon-box-description\">\n\t\t\t\t\t\t-H\u00e9bergement mutualis\u00e9, d\u00e9di\u00e9 ou sur mesure selon vos besoins.<br>\n -Serveurs haute performance pour garantir la rapidit\u00e9 et la stabilit\u00e9 de vos sites.<br>\n -S\u00e9curit\u00e9 renforc\u00e9e avec protection DDoS, certificats SSL, pare-feu avanc\u00e9s.<br>\n -Mises \u00e0 jour automatiques et supervision 24\/7 pour \u00e9viter les interruptions.<br>\t\t\t\t\t<\/p>\n\t\t\t\t\n\t\t\t<\/div>\n\t\t\t\n\t\t<\/div>\n\t\t\t\t\t\t<\/div>\n\t\t\t\t<\/div>\n\t\t\t\t<\/div>\n\t\t<div class=\"elementor-element elementor-element-4356723 e-con-full e-flex e-con e-child\" data-id=\"4356723\" data-element_type=\"container\" data-e-type=\"container\" data-settings=\"{&quot;ekit_has_onepagescroll_dot&quot;:&quot;yes&quot;}\">\n\t\t<div class=\"elementor-element elementor-element-b53fb9f e-con-full e-flex e-con e-child\" data-id=\"b53fb9f\" data-element_type=\"container\" data-e-type=\"container\" data-settings=\"{&quot;ekit_has_onepagescroll_dot&quot;:&quot;yes&quot;}\">\n\t\t\t\t<div class=\"elementor-element elementor-element-c907e2e elementor-widget__width-initial elementor-invisible elementor-widget elementor-widget-icon-box\" data-id=\"c907e2e\" data-element_type=\"widget\" data-e-type=\"widget\" data-settings=\"{&quot;_animation&quot;:&quot;fadeInUp&quot;,&quot;_animation_delay&quot;:200,&quot;ekit_we_effect_on&quot;:&quot;none&quot;}\" data-widget_type=\"icon-box.default\">\n\t\t\t\t\t\t\t<div class=\"elementor-icon-box-wrapper\">\n\n\t\t\t\n\t\t\t\t\t\t<div class=\"elementor-icon-box-content\">\n\n\t\t\t\t\t\t\t\t\t<h3 class=\"elementor-icon-box-title\">\n\t\t\t\t\t\t<span  >\n\t\t\t\t\t\t\tEmails Professionnels \ud83d\udce7\t\t\t\t\t\t<\/span>\n\t\t\t\t\t<\/h3>\n\t\t\t\t\n\t\t\t\t\t\t\t\t\t<p class=\"elementor-icon-box-description\">\n\t\t\t\t\t\t - Cr\u00e9ation et gestion d\u2019emails professionnels avec votre propre nom de domaine.<br>\n - H\u00e9bergement s\u00e9curis\u00e9 des emails avec anti-spam et chiffrement des communications.<br>\n - Stockage \u00e9volutif et synchronisation sur tous vos appareils.<br>\n - Compatibilit\u00e9 avec Outlook, Gmail, Thunderbird et autres clients mail.\t\t\t\t\t<\/p>\n\t\t\t\t\n\t\t\t<\/div>\n\t\t\t\n\t\t<\/div>\n\t\t\t\t\t\t<\/div>\n\t\t\t\t<\/div>\n\t\t\t\t<\/div>\n\t\t<div class=\"elementor-element elementor-element-95d4205 e-con-full e-flex e-con e-child\" data-id=\"95d4205\" data-element_type=\"container\" data-e-type=\"container\" data-settings=\"{&quot;ekit_has_onepagescroll_dot&quot;:&quot;yes&quot;}\">\n\t\t<div class=\"elementor-element elementor-element-7ccd457 e-con-full e-flex e-con e-child\" data-id=\"7ccd457\" data-element_type=\"container\" data-e-type=\"container\" data-settings=\"{&quot;ekit_has_onepagescroll_dot&quot;:&quot;yes&quot;}\">\n\t\t\t\t<div class=\"elementor-element elementor-element-55ff2cf elementor-invisible elementor-widget elementor-widget-icon-box\" data-id=\"55ff2cf\" data-element_type=\"widget\" data-e-type=\"widget\" data-settings=\"{&quot;_animation&quot;:&quot;fadeInUp&quot;,&quot;_animation_delay&quot;:200,&quot;ekit_we_effect_on&quot;:&quot;none&quot;}\" data-widget_type=\"icon-box.default\">\n\t\t\t\t\t\t\t<div class=\"elementor-icon-box-wrapper\">\n\n\t\t\t\n\t\t\t\t\t\t<div class=\"elementor-icon-box-content\">\n\n\t\t\t\t\t\t\t\t\t<h3 class=\"elementor-icon-box-title\">\n\t\t\t\t\t\t<span  >\n\t\t\t\t\t\t\tCloud &amp; VPS \u2601\ufe0f\t\t\t\t\t\t<\/span>\n\t\t\t\t\t<\/h3>\n\t\t\t\t\n\t\t\t\t\t\t\t\t\t<p class=\"elementor-icon-box-description\">\n\t\t\t\t\t\t -Serveurs VPS performants avec ressources d\u00e9di\u00e9es et \u00e9volutives.<br>\n - Infrastructure cloud s\u00e9curis\u00e9e pour h\u00e9berger vos applications et bases de donn\u00e9es.<br>\n-  Flexibilit\u00e9 et \u00e9volutivit\u00e9 pour s\u2019adapter \u00e0 la croissance de votre entreprise.<br>\n - Plans de sauvegarde automatique et r\u00e9cup\u00e9ration rapide des donn\u00e9es en cas de besoin.\t\t\t\t\t<\/p>\n\t\t\t\t\n\t\t\t<\/div>\n\t\t\t\n\t\t<\/div>\n\t\t\t\t\t\t<\/div>\n\t\t\t\t<\/div>\n\t\t\t\t<\/div>\n\t\t\t\t<div class=\"elementor-element elementor-element-f9b666d elementor-widget-divider--view-line elementor-widget elementor-widget-divider\" data-id=\"f9b666d\" data-element_type=\"widget\" data-e-type=\"widget\" data-settings=\"{&quot;ekit_we_effect_on&quot;:&quot;none&quot;}\" data-widget_type=\"divider.default\">\n\t\t\t\t\t\t\t<div class=\"elementor-divider\">\n\t\t\t<span class=\"elementor-divider-separator\">\n\t\t\t\t\t\t<\/span>\n\t\t<\/div>\n\t\t\t\t\t\t<\/div>\n\t\t\t\t\t<\/div>\n\t\t\t\t<\/div>\n\t\t<div class=\"elementor-element elementor-element-b78a04f e-flex e-con-boxed e-con e-parent\" data-id=\"b78a04f\" data-element_type=\"container\" data-e-type=\"container\" data-settings=\"{&quot;background_background&quot;:&quot;classic&quot;,&quot;ekit_has_onepagescroll_dot&quot;:&quot;yes&quot;}\">\n\t\t\t\t\t<div class=\"e-con-inner\">\n\t\t<div class=\"elementor-element elementor-element-23ca3dd e-con-full e-flex e-con e-child\" data-id=\"23ca3dd\" data-element_type=\"container\" data-e-type=\"container\" data-settings=\"{&quot;ekit_has_onepagescroll_dot&quot;:&quot;yes&quot;}\">\n\t\t\t\t<div class=\"elementor-element elementor-element-ba53d65 elementor-widget__width-initial elementor-widget elementor-widget-heading\" data-id=\"ba53d65\" data-element_type=\"widget\" data-e-type=\"widget\" data-settings=\"{&quot;ekit_we_effect_on&quot;:&quot;none&quot;}\" data-widget_type=\"heading.default\">\n\t\t\t\t\t<h2 class=\"elementor-heading-title elementor-size-default\">Pourquoi Choisir Team Four IT pour Votre H\u00e9bergement au Maroc ?<\/h2>\t\t\t\t<\/div>\n\t\t<div class=\"elementor-element elementor-element-6a75c57 e-con-full e-flex e-con e-child\" data-id=\"6a75c57\" data-element_type=\"container\" data-e-type=\"container\" data-settings=\"{&quot;ekit_has_onepagescroll_dot&quot;:&quot;yes&quot;}\">\n\t\t\t\t<div class=\"elementor-element elementor-element-68e51cb elementor-widget elementor-widget-text-editor\" data-id=\"68e51cb\" data-element_type=\"widget\" data-e-type=\"widget\" data-settings=\"{&quot;ekit_we_effect_on&quot;:&quot;none&quot;}\" data-widget_type=\"text-editor.default\">\n\t\t\t\t\t\t\t\t\t<p><strong>\u2705 S\u00e9curit\u00e9 et confidentialit\u00e9 : Localisation des Serveurs au Maroc (Casablanca).<\/strong><br \/>\u2705 S\u00e9curit\u00e9 Renforc\u00e9e : Pare-feu, SSL &amp; Sauvegardes Quotidiennesl.<br \/>\u2705 Flexibilit\u00e9 et \u00e9volutivit\u00e9 : Des solutions adapt\u00e9es \u00e0 la taille et aux besoins de votre entreprise.<br \/>\u2705 Support Technique 24\/7 en Fran\u00e7ais et Arabe et personnalis\u00e9e en cas de besoin.<\/p><p>\ud83d\udd39 Boostez votre infrastructure avec des solutions d\u2019h\u00e9bergement et de sauvegarde performantes !<\/p><p>Contactez-nous d\u00e8s aujourd\u2019hui pour un accompagnement personnalis\u00e9. \ud83d\ude80<\/p>\t\t\t\t\t\t\t\t<\/div>\n\t\t<div class=\"elementor-element elementor-element-bd8e8f7 e-con-full e-flex e-con e-child\" data-id=\"bd8e8f7\" data-element_type=\"container\" data-e-type=\"container\" data-settings=\"{&quot;ekit_has_onepagescroll_dot&quot;:&quot;yes&quot;}\">\n\t\t\t\t<div class=\"elementor-element elementor-element-6369156 elementor-widget__width-initial elementor-align-center elementor-widget elementor-widget-ibutton\" data-id=\"6369156\" data-element_type=\"widget\" data-e-type=\"widget\" data-settings=\"{&quot;ekit_we_effect_on&quot;:&quot;none&quot;}\" data-widget_type=\"ibutton.default\">\n\t\t\t\t<div class=\"elementor-widget-container\">\n\t\t\t\t\t\t\t<div class=\"ot-button\">\r\n\t\t\t<a href=\"mailto:contact@teamfourit.com\" class=\"octf-btn octf-btn-primary\">devis gratuit<\/a>\r\n\t    <\/div>\r\n\t    \t\t\t\t<\/div>\n\t\t\t\t<\/div>\n\t\t\t\t<\/div>\n\t\t\t\t<\/div>\n\t\t\t\t<\/div>\n\t\t\t\t\t<\/div>\n\t\t\t\t<\/div>\n\t\t\t\t<\/div>\n\t\t","protected":false},"excerpt":{"rendered":"<p>\/\/ H\u00e9bergement Web au Maroc Des Serveurs Rapides S\u00e9curis\u00e9s &#038; \u00c9volutifs Team Four IT, leader en\u00a0h\u00e9bergement web au Maroc\u00a0\ud83c\uddf2\ud83c\udde6, vous propose des solutions adapt\u00e9es \u00e0 vos besoins :\u00a0h\u00e9bergement mutualis\u00e9,\u00a0serveurs d\u00e9di\u00e9s\u00a0et\u00a0cloud \u00e9volutif. Bas\u00e9s \u00e0\u00a0Casablanca, nous garantissons une\u00a0latence ultra-faible\u00a0pour vos utilisateurs marocains gr\u00e2ce \u00e0 nos serveurs localis\u00e9s. Nos offres incluent : \ud83d\udd12\u00a0S\u00e9curit\u00e9 Maximale\u00a0: Pare-feu, certificats SSL gratuits [&hellip;]<\/p>\n","protected":false},"author":2,"featured_media":5782,"parent":6194,"menu_order":1,"comment_status":"closed","ping_status":"closed","template":"elementor_header_footer","meta":{"_seopress_robots_primary_cat":"","_seopress_titles_title":"Team Four IT: Noms de domaine - h\u00e9bergement web au Maroc","_seopress_titles_desc":"Team Four IT propose des solutions d\u2019h\u00e9bergement web au Maroc : serveurs rapides, non de Domain, h\u00e9bergement Web. B\u00e9n\u00e9ficiez d\u2019un support technique 24\/7","_seopress_robots_index":"","footnotes":""},"class_list":["post-5780","page","type-page","status-publish","has-post-thumbnail","hentry"],"_links":{"self":[{"href":"https:\/\/teamfourit.com\/site\/wp-json\/wp\/v2\/pages\/5780","targetHints":{"allow":["GET"]}}],"collection":[{"href":"https:\/\/teamfourit.com\/site\/wp-json\/wp\/v2\/pages"}],"about":[{"href":"https:\/\/teamfourit.com\/site\/wp-json\/wp\/v2\/types\/page"}],"author":[{"embeddable":true,"href":"https:\/\/teamfourit.com\/site\/wp-json\/wp\/v2\/users\/2"}],"replies":[{"embeddable":true,"href":"https:\/\/teamfourit.com\/site\/wp-json\/wp\/v2\/comments?post=5780"}],"version-history":[{"count":0,"href":"https:\/\/teamfourit.com\/site\/wp-json\/wp\/v2\/pages\/5780\/revisions"}],"up":[{"embeddable":true,"href":"https:\/\/teamfourit.com\/site\/wp-json\/wp\/v2\/pages\/6194"}],"wp:featuredmedia":[{"embeddable":true,"href":"https:\/\/teamfourit.com\/site\/wp-json\/wp\/v2\/media\/5782"}],"wp:attachment":[{"href":"https:\/\/teamfourit.com\/site\/wp-json\/wp\/v2\/media?parent=5780"}],"curies":[{"name":"wp","href":"https:\/\/api.w.org\/{rel}","templated":true}]}}