{"id":5456,"date":"2025-01-14T12:36:10","date_gmt":"2025-01-14T11:36:10","guid":{"rendered":"https:\/\/teamfourit.com\/?page_id=5456"},"modified":"2025-07-19T13:44:03","modified_gmt":"2025-07-19T11:44:03","slug":"faq","status":"publish","type":"page","link":"https:\/\/teamfourit.com\/site\/accueil\/faq\/","title":{"rendered":"FAQ"},"content":{"rendered":"\t\t<div data-elementor-type=\"wp-post\" data-elementor-id=\"5456\" class=\"elementor elementor-5456\" data-elementor-post-type=\"page\">\n\t\t\t\t<div class=\"elementor-element elementor-element-7b57b83 e-flex e-con-boxed e-con e-parent\" data-id=\"7b57b83\" data-element_type=\"container\" data-e-type=\"container\" data-settings=\"{&quot;background_background&quot;:&quot;gradient&quot;,&quot;ekit_has_onepagescroll_dot&quot;:&quot;yes&quot;}\">\n\t\t\t\t\t<div class=\"e-con-inner\">\n\t\t<div class=\"elementor-element elementor-element-1ca8d1c e-con-full e-flex e-con e-child\" data-id=\"1ca8d1c\" data-element_type=\"container\" data-e-type=\"container\" data-settings=\"{&quot;ekit_has_onepagescroll_dot&quot;:&quot;yes&quot;}\">\n\t\t\t\t<div class=\"elementor-element elementor-element-05114cc elementor-widget elementor-widget-iheading\" data-id=\"05114cc\" data-element_type=\"widget\" data-e-type=\"widget\" data-settings=\"{&quot;ekit_we_effect_on&quot;:&quot;none&quot;}\" data-widget_type=\"iheading.default\">\n\t\t\t\t<div class=\"elementor-widget-container\">\n\t\t\t\t\t\t\t<div class=\"ot-heading\">\r\n\t        \t            <span>\/\/ FAQ<\/span>\r\n\t        <h2 class=\"main-heading\">Questions <br>\nFr\u00e9quemment Pos\u00e9es \ud83d\udca1<\/h2>\t    <\/div>\r\n\t    \t\t\t\t<\/div>\n\t\t\t\t<\/div>\n\t\t<div class=\"elementor-element elementor-element-fca669c e-con-full e-flex e-con e-child\" data-id=\"fca669c\" data-element_type=\"container\" data-e-type=\"container\" data-settings=\"{&quot;ekit_has_onepagescroll_dot&quot;:&quot;yes&quot;}\">\n\t\t<div class=\"elementor-element elementor-element-9279c0d e-con-full e-flex e-con e-child\" data-id=\"9279c0d\" data-element_type=\"container\" data-e-type=\"container\" data-settings=\"{&quot;ekit_has_onepagescroll_dot&quot;:&quot;yes&quot;}\">\n\t\t\t\t<div class=\"elementor-element elementor-element-05da52d elementor-widget elementor-widget-iaccordions\" data-id=\"05da52d\" data-element_type=\"widget\" data-e-type=\"widget\" data-settings=\"{&quot;ekit_we_effect_on&quot;:&quot;none&quot;}\" data-widget_type=\"iaccordions.default\">\n\t\t\t\t<div class=\"elementor-widget-container\">\n\t\t\t\t\t\r\n\t\t<div class=\"ot-accordions\">\r\n\t\t\t\t\t\t<div class=\"acc-item\">\r\n\t\t\t\t<span class=\"acc-toggle\" data-default=\"yes\"> Quels services propose Team Four IT ? <i class=\"down flaticon-download-arrow\"><\/i><i class=\"up flaticon-up-arrow\"><\/i><\/span>\r\n\t\t\t\t<div class=\"acc-content\">\r\n\t\t\t\t\t<p>Nous offrons une large gamme de services, notamment :<\/p><ul><li>Accessibilit\u00e9 num\u00e9rique<\/li><li>Cybers\u00e9curit\u00e9<\/li><li>Int\u00e9gration logicielle et ERP<\/li><li>Infog\u00e9rance et support technique<\/li><li>Conseil en transformation digitale<\/li><\/ul>\t\t\t\t<\/div>\r\n\t\t\t<\/div>\r\n\t\t\t\t\t\t<div class=\"acc-item\">\r\n\t\t\t\t<span class=\"acc-toggle\" data-default=\"\">Comment pouvez-vous garantir la s\u00e9curit\u00e9 de mes donn\u00e9es ? <i class=\"down flaticon-download-arrow\"><\/i><i class=\"up flaticon-up-arrow\"><\/i><\/span>\r\n\t\t\t\t<div class=\"acc-content\">\r\n\t\t\t\t\t<p>Nous utilisons des technologies avanc\u00e9es, des protocoles de s\u00e9curit\u00e9 robustes et une surveillance continue pour prot\u00e9ger vos donn\u00e9es et infrastructures sensibles.<\/p>\t\t\t\t<\/div>\r\n\t\t\t<\/div>\r\n\t\t\t\t\t\t<div class=\"acc-item\">\r\n\t\t\t\t<span class=\"acc-toggle\" data-default=\"\">Travaillez-vous avec des entreprises de toutes tailles ? <i class=\"down flaticon-download-arrow\"><\/i><i class=\"up flaticon-up-arrow\"><\/i><\/span>\r\n\t\t\t\t<div class=\"acc-content\">\r\n\t\t\t\t\t<p>Absolument ! Que vous soyez une petite entreprise ou une grande organisation, nos services sont adapt\u00e9s \u00e0 tous.<\/p>\t\t\t\t<\/div>\r\n\t\t\t<\/div>\r\n\t\t\t\t\t\t<div class=\"acc-item\">\r\n\t\t\t\t<span class=\"acc-toggle\" data-default=\"\">Comment puis-je obtenir un devis ou une consultation ? <i class=\"down flaticon-download-arrow\"><\/i><i class=\"up flaticon-up-arrow\"><\/i><\/span>\r\n\t\t\t\t<div class=\"acc-content\">\r\n\t\t\t\t\t<p>Contactez-nous via \ud83d\udce7 <a rel=\"noopener\">contact@teamfourit.com<\/a> ou \ud83d\udcde <strong>+212 638-881053<\/strong>, et nous serons ravis de vous accompagner.<\/p><p>Pour toute autre question, n\u2019h\u00e9sitez pas \u00e0 nous contacter directement. Nous sommes l\u00e0 pour vous aider ! \ud83d\ude0a<\/p>\t\t\t\t<\/div>\r\n\t\t\t<\/div>\r\n\t\t\t\t    <\/div>\r\n\r\n\t    \t\t\t\t<\/div>\n\t\t\t\t<\/div>\n\t\t\t\t<\/div>\n\t\t\t\t<\/div>\n\t\t\t\t<\/div>\n\t\t\t\t\t<\/div>\n\t\t\t\t<\/div>\n\t\t\t\t<\/div>\n\t\t","protected":false},"excerpt":{"rendered":"<p>\/\/ FAQ Questions Fr\u00e9quemment Pos\u00e9es \ud83d\udca1 Quels services propose Team Four IT ? Nous offrons une large gamme de services, notamment : Accessibilit\u00e9 num\u00e9rique Cybers\u00e9curit\u00e9 Int\u00e9gration logicielle et ERP Infog\u00e9rance et support technique Conseil en transformation digitale Comment pouvez-vous garantir la s\u00e9curit\u00e9 de mes donn\u00e9es ? Nous utilisons des technologies avanc\u00e9es, des protocoles de s\u00e9curit\u00e9 [&hellip;]<\/p>\n","protected":false},"author":2,"featured_media":5458,"parent":5319,"menu_order":3,"comment_status":"closed","ping_status":"closed","template":"elementor_header_footer","meta":{"_seopress_robots_primary_cat":"","_seopress_titles_title":"FAQ | R\u00e9ponses \u00e0 Vos Questions - Team Four IT","_seopress_titles_desc":"Trouvez des r\u00e9ponses rapides \u00e0 vos questions fr\u00e9quentes sur nos services : accessibilit\u00e9 num\u00e9rique, int\u00e9gration ERP, cybers\u00e9curit\u00e9 et vente de mat\u00e9riel informatique a Casablanca.","_seopress_robots_index":"","footnotes":""},"class_list":["post-5456","page","type-page","status-publish","has-post-thumbnail","hentry"],"_links":{"self":[{"href":"https:\/\/teamfourit.com\/site\/wp-json\/wp\/v2\/pages\/5456","targetHints":{"allow":["GET"]}}],"collection":[{"href":"https:\/\/teamfourit.com\/site\/wp-json\/wp\/v2\/pages"}],"about":[{"href":"https:\/\/teamfourit.com\/site\/wp-json\/wp\/v2\/types\/page"}],"author":[{"embeddable":true,"href":"https:\/\/teamfourit.com\/site\/wp-json\/wp\/v2\/users\/2"}],"replies":[{"embeddable":true,"href":"https:\/\/teamfourit.com\/site\/wp-json\/wp\/v2\/comments?post=5456"}],"version-history":[{"count":0,"href":"https:\/\/teamfourit.com\/site\/wp-json\/wp\/v2\/pages\/5456\/revisions"}],"up":[{"embeddable":true,"href":"https:\/\/teamfourit.com\/site\/wp-json\/wp\/v2\/pages\/5319"}],"wp:featuredmedia":[{"embeddable":true,"href":"https:\/\/teamfourit.com\/site\/wp-json\/wp\/v2\/media\/5458"}],"wp:attachment":[{"href":"https:\/\/teamfourit.com\/site\/wp-json\/wp\/v2\/media?parent=5456"}],"curies":[{"name":"wp","href":"https:\/\/api.w.org\/{rel}","templated":true}]}}