{"id":3,"date":"2024-12-18T10:56:24","date_gmt":"2024-12-18T09:56:24","guid":{"rendered":"https:\/\/teamfourit.com\/?page_id=3"},"modified":"2025-02-16T19:47:53","modified_gmt":"2025-02-16T18:47:53","slug":"politique-de-confidentialite","status":"publish","type":"page","link":"https:\/\/teamfourit.com\/site\/accueil\/politique-de-confidentialite\/","title":{"rendered":"Politique de confidentialit\u00e9"},"content":{"rendered":"\t\t<div data-elementor-type=\"wp-page\" data-elementor-id=\"3\" class=\"elementor elementor-3\" data-elementor-post-type=\"page\">\n\t\t\t\t<div class=\"elementor-element elementor-element-16dfecff e-flex e-con-boxed e-con e-parent\" data-id=\"16dfecff\" data-element_type=\"container\" data-e-type=\"container\" data-settings=\"{&quot;ekit_has_onepagescroll_dot&quot;:&quot;yes&quot;}\">\n\t\t\t\t\t<div class=\"e-con-inner\">\n\t\t\t\t<div class=\"elementor-element elementor-element-7f761f7d elementor-widget elementor-widget-text-editor\" data-id=\"7f761f7d\" data-element_type=\"widget\" data-e-type=\"widget\" data-settings=\"{&quot;ekit_we_effect_on&quot;:&quot;none&quot;}\" data-widget_type=\"text-editor.default\">\n\t\t\t\t\t\t\t\t\t\n<h2 class=\"wp-block-heading\">Qui sommes-nous\u00a0?<\/h2>\n\n<p class=\"\"><a href=\"https:\/\/teamfourit.com\/site\/accueil\/a-propos-de-nous\/\">\u00c0 propos de nous<\/a><\/p>\n\n<h2 class=\"wp-block-heading\"><strong>Politique de Confidentialit\u00e9 de Team Four IT<\/strong><\/h2>\n\n<p class=\"\"><em>Derni\u00e8re mise \u00e0 jour : <\/em>04\/02\/2025<\/p>\n<hr class=\"wp-block-separator has-alpha-channel-opacity\" \/>\n<h4 class=\"wp-block-heading\"><strong>1. Introduction<\/strong><\/h4>\n\n<p class=\"\">Chez\u00a0<strong>Team Four IT<\/strong>, nous accordons une grande importance \u00e0 la protection de vos donn\u00e9es personnelles. Cette politique de confidentialit\u00e9 explique comment nous collectons, utilisons, partageons et prot\u00e9geons vos informations lorsque vous utilisez nos services, que ce soit via notre site web, nos applications mobiles ou nos solutions cloud.<\/p>\n\n<p class=\"\">En utilisant nos services, vous acceptez les pratiques d\u00e9crites dans cette politique. Si vous n\u2019\u00eates pas d\u2019accord avec ces termes, veuillez ne pas utiliser nos services.<\/p>\n<hr class=\"wp-block-separator has-alpha-channel-opacity\" \/>\n<h4 class=\"wp-block-heading\"><strong>2. Donn\u00e9es Collect\u00e9es<\/strong><\/h4>\n\n<p class=\"\"><strong>a. Types de donn\u00e9es<\/strong>\u00a0:<br \/>Nous pouvons collecter les informations suivantes :<\/p>\n\n<ul class=\"wp-block-list\">\n<li class=\"\"><strong>Informations personnelles<\/strong>\u00a0: Nom, pr\u00e9nom, adresse e-mail, num\u00e9ro de t\u00e9l\u00e9phone, adresse postale.<\/li>\n\n<li class=\"\"><strong>Donn\u00e9es techniques<\/strong>\u00a0: Adresse IP, type de navigateur, syst\u00e8me d\u2019exploitation, historique de navigation, cookies.<\/li>\n\n<li class=\"\"><strong>Donn\u00e9es professionnelles<\/strong>\u00a0: Nom de l\u2019entreprise, poste, besoins m\u00e9tiers (pour les clients B2B).<\/li>\n\n<li class=\"\"><strong>Donn\u00e9es de paiement<\/strong>\u00a0: Informations bancaires ou de carte de cr\u00e9dit (traitement s\u00e9curis\u00e9 via des prestataires tiers).<\/li>\n<\/ul>\n\n<p class=\"\"><strong>b. M\u00e9thodes de collecte<\/strong>\u00a0:<\/p>\n\n<ul class=\"wp-block-list\">\n<li class=\"\">Directement via nos formulaires de contact, inscriptions, ou commandes en ligne.<\/li>\n\n<li class=\"\">Automatiquement via des outils d\u2019analyse (Google Analytics, cookies).<\/li>\n\n<li class=\"\">Par le biais de partenaires ou prestataires tiers (ex: plateformes de paiement).<\/li>\n<\/ul>\n<hr class=\"wp-block-separator has-alpha-channel-opacity\" \/>\n<h4 class=\"wp-block-heading\"><strong>3. Finalit\u00e9s du Traitement<\/strong><\/h4>\n\n<p class=\"\">Nous utilisons vos donn\u00e9es pour les finalit\u00e9s suivantes :<\/p>\n\n<ul class=\"wp-block-list\">\n<li class=\"\">Fournir et am\u00e9liorer nos services (d\u00e9veloppement web, solutions cloud, etc.).<\/li>\n\n<li class=\"\">R\u00e9pondre \u00e0 vos demandes et assurer un support client de qualit\u00e9.<\/li>\n\n<li class=\"\">Vous envoyer des newsletters, offres promotionnelles ou mises \u00e0 jour (avec votre consentement explicite).<\/li>\n\n<li class=\"\">Analyser l\u2019utilisation de nos services pour optimiser l\u2019exp\u00e9rience utilisateur.<\/li>\n\n<li class=\"\">Respecter nos obligations l\u00e9gales et r\u00e9glementaires.<\/li>\n<\/ul>\n<hr class=\"wp-block-separator has-alpha-channel-opacity\" \/>\n<h4 class=\"wp-block-heading\"><strong>4. Partage des Donn\u00e9es<\/strong><\/h4>\n\n<p class=\"\">Nous ne vendons ni ne louons vos donn\u00e9es personnelles \u00e0 des tiers. Cependant, vos donn\u00e9es peuvent \u00eatre partag\u00e9es dans les cas suivants :<\/p>\n\n<ul class=\"wp-block-list\">\n<li class=\"\"><strong>Prestataires tiers<\/strong>\u00a0: H\u00e9bergeurs cloud, outils de paiement, services de marketing, sous-traitants techniques.<\/li>\n\n<li class=\"\"><strong>Autorit\u00e9s l\u00e9gales<\/strong>\u00a0: Si requis par la loi ou en r\u00e9ponse \u00e0 une demande l\u00e9gale (ex: mandat judiciaire).<\/li>\n\n<li class=\"\"><strong>Transferts d\u2019entreprise<\/strong>\u00a0: En cas de fusion, acquisition ou vente d\u2019actifs, vos donn\u00e9es pourraient \u00eatre transf\u00e9r\u00e9es \u00e0 un tiers.<\/li>\n<\/ul>\n<hr class=\"wp-block-separator has-alpha-channel-opacity\" \/>\n<h4 class=\"wp-block-heading\"><strong>5. Conservation des Donn\u00e9es<\/strong><\/h4>\n\n<p class=\"\">Vos donn\u00e9es sont conserv\u00e9es :<\/p>\n\n<ul class=\"wp-block-list\">\n<li class=\"\"><strong>Pour la dur\u00e9e n\u00e9cessaire<\/strong>\u00a0\u00e0 la r\u00e9alisation des finalit\u00e9s d\u00e9crites dans cette politique.<\/li>\n\n<li class=\"\"><strong>Maximum [5 ann\u00e9es]<\/strong>\u00a0apr\u00e8s la fin de notre relation contractuelle, sauf obligation l\u00e9gale contraire.<\/li>\n<\/ul>\n<hr class=\"wp-block-separator has-alpha-channel-opacity\" \/>\n<h4 class=\"wp-block-heading\"><strong>6. Droits des Utilisateurs<\/strong><\/h4>\n\n<p class=\"\">Conform\u00e9ment au R\u00e8glement G\u00e9n\u00e9ral sur la Protection des Donn\u00e9es (RGPD) et \u00e0 la loi marocaine 09-08, vous disposez des droits suivants :<\/p>\n\n<ul class=\"wp-block-list\">\n<li class=\"\"><strong>Acc\u00e8s<\/strong>\u00a0: Obtenir une copie de vos donn\u00e9es personnelles.<\/li>\n\n<li class=\"\"><strong>Rectification<\/strong>\u00a0: Corriger des informations inexactes ou incompl\u00e8tes.<\/li>\n\n<li class=\"\"><strong>Suppression<\/strong>\u00a0: Demander la suppression de vos donn\u00e9es (sous r\u00e9serve d\u2019obligations l\u00e9gales).<\/li>\n\n<li class=\"\"><strong>Opposition<\/strong>\u00a0: Vous opposer au traitement de vos donn\u00e9es pour des raisons l\u00e9gitimes.<\/li>\n\n<li class=\"\"><strong>Portabilit\u00e9<\/strong>\u00a0: Recevoir vos donn\u00e9es dans un format structur\u00e9 et transf\u00e9rable.<\/li>\n\n<li class=\"\"><strong>Retrait du consentement<\/strong>\u00a0: Retirer votre consentement pour les communications marketing.<\/li>\n<\/ul>\n\n<p class=\"\">Pour exercer ces droits, contactez-nous \u00e0 l\u2019adresse suivante :\u00a0<strong><a href=\"mailto:contact@teamfourit.com\" target=\"_blank\" rel=\"noreferrer noopener\">contact@teamfourit.com<\/a><\/strong>. Nous r\u00e9pondrons dans un d\u00e9lai de [10 jours].<\/p>\n<hr class=\"wp-block-separator has-alpha-channel-opacity\" \/>\n<h4 class=\"wp-block-heading\"><strong>7. S\u00e9curit\u00e9 des Donn\u00e9es<\/strong><\/h4>\n\n<p class=\"\">Nous mettons en \u0153uvre des mesures techniques et organisationnelles pour prot\u00e9ger vos donn\u00e9es contre tout acc\u00e8s non autoris\u00e9, perte ou alt\u00e9ration :<\/p>\n\n<ul class=\"wp-block-list\">\n<li class=\"\"><strong>Chiffrement SSL\/TLS<\/strong>\u00a0pour les donn\u00e9es en transit.<\/li>\n\n<li class=\"\"><strong>Sauvegardes r\u00e9guli\u00e8res<\/strong>\u00a0pour pr\u00e9venir la perte de donn\u00e9es.<\/li>\n\n<li class=\"\"><strong>Acc\u00e8s restreint<\/strong>\u00a0aux donn\u00e9es sensibles, limit\u00e9 au personnel autoris\u00e9.<\/li>\n<\/ul>\n<hr class=\"wp-block-separator has-alpha-channel-opacity\" \/>\n<h4 class=\"wp-block-heading\"><strong>8. Transferts Internationaux<\/strong><\/h4>\n\n<p class=\"\">Vos donn\u00e9es peuvent \u00eatre transf\u00e9r\u00e9es hors du Maroc, notamment vers des serveurs situ\u00e9s en Europe ou aux \u00c9tats-Unis. Nous garantissons un niveau de protection ad\u00e9quat via :<\/p>\n\n<ul class=\"wp-block-list\">\n<li class=\"\">Des\u00a0<strong>clauses contractuelles standard<\/strong>\u00a0conformes au RGPD.<\/li>\n\n<li class=\"\">Des partenariats avec des prestataires certifi\u00e9s (ex: AWS, Google Cloud).<\/li>\n<\/ul>\n<hr class=\"wp-block-separator has-alpha-channel-opacity\" \/>\n<h4 class=\"wp-block-heading\"><strong>9. Cookies et Trackers<\/strong><\/h4>\n\n<p class=\"\"><strong>a. Types de cookies<\/strong>\u00a0:<\/p>\n\n<ul class=\"wp-block-list\">\n<li class=\"\"><strong>Essentiels<\/strong>\u00a0: N\u00e9cessaires au fonctionnement du site (ex: connexion s\u00e9curis\u00e9e).<\/li>\n\n<li class=\"\"><strong>Analytiques<\/strong>\u00a0: Mesure d\u2019audience et analyse des performances (ex: Google Analytics).<\/li>\n\n<li class=\"\"><strong>Marketing<\/strong>\u00a0: Publicit\u00e9s personnalis\u00e9es et campagnes cibl\u00e9es (avec votre consentement).<\/li>\n<\/ul>\n\n<p class=\"\"><strong>b. Gestion des cookies<\/strong>\u00a0:<br \/>Vous pouvez modifier vos pr\u00e9f\u00e9rences via notre\u00a0<strong>banni\u00e8re de consentement<\/strong>\u00a0ou les param\u00e8tres de votre navigateur. Notez que la d\u00e9sactivation des cookies peut affecter certaines fonctionnalit\u00e9s du site.<\/p>\n<hr class=\"wp-block-separator has-alpha-channel-opacity\" \/>\n<h4 class=\"wp-block-heading\"><strong>10. Modifications de la Politique<\/strong><\/h4>\n\n<p class=\"\">Nous nous r\u00e9servons le droit de mettre \u00e0 jour cette politique de confidentialit\u00e9. Les modifications seront publi\u00e9es sur cette page avec une nouvelle\u00a0<strong>date de mise \u00e0 jour<\/strong>. Nous vous encourageons \u00e0 consulter r\u00e9guli\u00e8rement cette politique pour rester inform\u00e9.<\/p>\n<hr class=\"wp-block-separator has-alpha-channel-opacity\" \/>\n<h4 class=\"wp-block-heading\"><strong>11. Contact<\/strong><\/h4>\n\n<p class=\"\">Pour toute question concernant cette politique ou pour exercer vos droits, contactez-nous :<\/p>\n\n<p class=\"\"><strong>Site web<\/strong>\u00a0:\u00a0<a href=\"https:\/\/teamfourit.com\/site\/\" target=\"_blank\" rel=\"noreferrer noopener\">https:\/\/teamfourit.com\/site<\/a><\/p>\n\n<p class=\"\"><strong>Adresse postale<\/strong>\u00a0: 61 AV LALLA YACOUT, ANGLE MUSTAPHA EL MAANI, 2\u00c8ME \u00c9TAGE N\u00b062, CENTRE RIAD, Casablanca, Maroc.<\/p>\n\n<p class=\"\"><strong>E-mail<\/strong>\u00a0:\u00a0<a href=\"mailto:contact@teamfourit.com\" target=\"_blank\" rel=\"noreferrer noopener\">contact@teamfourit.com<\/a><\/p>\n\n<p class=\"\"><strong>T\u00e9l\u00e9phone<\/strong>\u00a0: +212 638 881 053<\/p>\n\t\t\t\t\t\t\t\t<\/div>\n\t\t\t\t\t<\/div>\n\t\t\t\t<\/div>\n\t\t\t\t<\/div>\n\t\t","protected":false},"excerpt":{"rendered":"<p>Qui sommes-nous\u00a0? \u00c0 propos de nous Politique de Confidentialit\u00e9 de Team Four IT Derni\u00e8re mise \u00e0 jour : 04\/02\/2025 1. Introduction Chez\u00a0Team Four IT, nous accordons une grande importance \u00e0 la protection de vos donn\u00e9es personnelles. Cette politique de confidentialit\u00e9 explique comment nous collectons, utilisons, partageons et prot\u00e9geons vos informations lorsque vous utilisez nos services, [&hellip;]<\/p>\n","protected":false},"author":2,"featured_media":0,"parent":5319,"menu_order":4,"comment_status":"closed","ping_status":"closed","template":"","meta":{"_seopress_robots_primary_cat":"","_seopress_titles_title":"Politique de Confidentialit\u00e9 de Team Four IT","_seopress_titles_desc":"Chez Team Four IT, nous accordons une grande importance \u00e0 la protection de vos donn\u00e9es personnelles. Cette politique de confidentialit\u00e9 explique comment nous collectons, utilisons, partageons et prot\u00e9geons vos informations lorsque vous utilisez nos services, que ce soit via notre site web, nos applications mobiles ou nos solutions cloud.\r\nEn utilisant nos services, vous acceptez les pratiques d\u00e9crites dans cette politique. Si vous n\u2019\u00eates pas d\u2019accord avec ces termes, veuillez ne pas utiliser nos services.","_seopress_robots_index":"","footnotes":""},"class_list":["post-3","page","type-page","status-publish","hentry"],"_links":{"self":[{"href":"https:\/\/teamfourit.com\/site\/wp-json\/wp\/v2\/pages\/3","targetHints":{"allow":["GET"]}}],"collection":[{"href":"https:\/\/teamfourit.com\/site\/wp-json\/wp\/v2\/pages"}],"about":[{"href":"https:\/\/teamfourit.com\/site\/wp-json\/wp\/v2\/types\/page"}],"author":[{"embeddable":true,"href":"https:\/\/teamfourit.com\/site\/wp-json\/wp\/v2\/users\/2"}],"replies":[{"embeddable":true,"href":"https:\/\/teamfourit.com\/site\/wp-json\/wp\/v2\/comments?post=3"}],"version-history":[{"count":0,"href":"https:\/\/teamfourit.com\/site\/wp-json\/wp\/v2\/pages\/3\/revisions"}],"up":[{"embeddable":true,"href":"https:\/\/teamfourit.com\/site\/wp-json\/wp\/v2\/pages\/5319"}],"wp:attachment":[{"href":"https:\/\/teamfourit.com\/site\/wp-json\/wp\/v2\/media?parent=3"}],"curies":[{"name":"wp","href":"https:\/\/api.w.org\/{rel}","templated":true}]}}